{"id":17,"date":"2009-08-13T19:56:26","date_gmt":"2009-08-13T17:56:26","guid":{"rendered":"http:\/\/www.mgv-lindern.de\/?page_id=17"},"modified":"2026-02-09T16:57:37","modified_gmt":"2026-02-09T14:57:37","slug":"uber-uns","status":"publish","type":"page","link":"https:\/\/www.mgv-lindern.de\/?page_id=17","title":{"rendered":"\u00dcber uns"},"content":{"rendered":"<p>Der M\u00e4nnergesangverein Lindern begr\u00fc\u00dft Sie auf seiner Internetseite<br \/>\nund stellt sich vor.<\/p>\n<p><strong><a href=\"https:\/\/www.mgv-lindern.de\/wp-content\/uploads\/BACKUPNGG\/img_4053\/IMG_4049.JPG\"><img loading=\"lazy\" decoding=\"async\" class=\"wp-image-1429 size-medium aligncenter\" src=\"https:\/\/www.mgv-lindern.de\/wp-content\/uploads\/BACKUPNGG\/img_4053\/IMG_4049-300x200.jpg\" alt=\"\" width=\"300\" height=\"200\" srcset=\"https:\/\/www.mgv-lindern.de\/wp-content\/uploads\/BACKUPNGG\/img_4053\/IMG_4049-300x200.jpg 300w, https:\/\/www.mgv-lindern.de\/wp-content\/uploads\/BACKUPNGG\/img_4053\/IMG_4049-768x512.jpg 768w, https:\/\/www.mgv-lindern.de\/wp-content\/uploads\/BACKUPNGG\/img_4053\/IMG_4049-450x300.jpg 450w, https:\/\/www.mgv-lindern.de\/wp-content\/uploads\/BACKUPNGG\/img_4053\/IMG_4049.JPG 800w\" sizes=\"auto, (max-width: 300px) 100vw, 300px\" \/><\/a><br \/>\nstehend von links:<\/strong> Hans Essing, Josef L\u00fcbke, Helmut Wulfers, Gerd Berssenbr\u00fcgge. Hartwig Meyer, Ferdi Schwarz, Gerd Brundiers, Bernd Feldhaus, Georg Abeln, Bernd Behnen, Bernd Schute, Martin G\u00f6ddeker, Hans Hermeling, Anton Dr\u00f6ge. Heinrich Otten, Hermann M\u00e4hlmann, Franz Tellmann, Bernd Thoben, Heinz Thole, Heinrich L\u00fcbbers, Hans Schmit, Eberhard Cloer, Heinz Franke, Paul Meyer, Heinrich M\u00e4hlmann, Fredi M\u00f6slein,<br \/>\n<strong>sitzend von links:<\/strong> Willi Kock, Ernst Hamberg, Heinrich Abeln, Willi Moorkamp, Ullrich Korfhage, Alwin Schrandt, Paul Verf\u00fchrt, Heinrich M\u00e4hlmann<\/p>\n<p>Die Gr\u00fcndung unseres Vereins erfolgte 1885. Somit k\u00f6nnen wir 2015 auf sein 130 j\u00e4hriges Bestehen zur\u00fcckblicken.<br \/>\nDas 125-Jahr-Jubil\u00e4um konnten wir mit dem Bundess\u00e4ngerfest des S\u00e4ngerbundes &#8222;Heimattreu&#8220; am 15. und 16. Mai 2010 feiern. Die Schirmherrschaft hierzu \u00fcbernahm unser Landtagsabgeordneter Clemens gr. Macke.<\/p>\n<p>Unser Verein bezweckt die Pflege des Chorgesanges. Dazu werden regelm\u00e4\u00dfig Chorproben abgehalten. Wir veranstalten Konzerte und stellen uns mit unserem weltlichen und kirchlichen Gesang in den Dienst der \u00d6ffentlichkeit. Auch die Geselligkeit ist ein wichtiger Aspekt unseres Vereinslebens. (Maigang, Kohlessen, Fahrradtouren, S\u00e4ngerball usw) Nat\u00fcrlich sind die Partnerinnen der S\u00e4nger auch dabei.<\/p>\n<p>Mitglied unseres Vereins kann jeder werden,der Freude am Gesang hat. Gesangsinteressierte M\u00e4nner sind jederzeit herzlich eingeladen Dienstags zum \u00dcbungsabend (von 20.00 bis 22.00 Uhr im Pfarrheim) zu kommen.<\/p>\n","protected":false},"excerpt":{"rendered":"<p>Der M\u00e4nnergesangverein Lindern begr\u00fc\u00dft Sie auf seiner Internetseite und stellt sich vor. stehend von links: Hans Essing, Josef L\u00fcbke, Helmut Wulfers, Gerd Berssenbr\u00fcgge. Hartwig Meyer, Ferdi Schwarz, Gerd Brundiers, Bernd Feldhaus, Georg Abeln, Bernd Behnen, Bernd Schute, Martin G\u00f6ddeker, Hans &hellip; <a href=\"https:\/\/www.mgv-lindern.de\/?page_id=17\">Weiterlesen <span class=\"meta-nav\">&rarr;<\/span><\/a><\/p>\n","protected":false},"author":1,"featured_media":0,"parent":0,"menu_order":0,"comment_status":"closed","ping_status":"closed","template":"","meta":{"footnotes":""},"class_list":["post-17","page","type-page","status-publish","hentry"],"_links":{"self":[{"href":"https:\/\/www.mgv-lindern.de\/index.php?rest_route=\/wp\/v2\/pages\/17","targetHints":{"allow":["GET"]}}],"collection":[{"href":"https:\/\/www.mgv-lindern.de\/index.php?rest_route=\/wp\/v2\/pages"}],"about":[{"href":"https:\/\/www.mgv-lindern.de\/index.php?rest_route=\/wp\/v2\/types\/page"}],"author":[{"embeddable":true,"href":"https:\/\/www.mgv-lindern.de\/index.php?rest_route=\/wp\/v2\/users\/1"}],"replies":[{"embeddable":true,"href":"https:\/\/www.mgv-lindern.de\/index.php?rest_route=%2Fwp%2Fv2%2Fcomments&post=17"}],"version-history":[{"count":20,"href":"https:\/\/www.mgv-lindern.de\/index.php?rest_route=\/wp\/v2\/pages\/17\/revisions"}],"predecessor-version":[{"id":1539,"href":"https:\/\/www.mgv-lindern.de\/index.php?rest_route=\/wp\/v2\/pages\/17\/revisions\/1539"}],"wp:attachment":[{"href":"https:\/\/www.mgv-lindern.de\/index.php?rest_route=%2Fwp%2Fv2%2Fmedia&parent=17"}],"curies":[{"name":"wp","href":"https:\/\/api.w.org\/{rel}","templated":true}]}}