{"id":5,"date":"2009-08-13T08:24:38","date_gmt":"2009-08-13T06:24:38","guid":{"rendered":"http:\/\/www.mgv-lindern.de\/?page_id=5"},"modified":"2026-02-09T16:29:40","modified_gmt":"2026-02-09T14:29:40","slug":"impressum","status":"publish","type":"page","link":"https:\/\/www.mgv-lindern.de\/?page_id=5","title":{"rendered":"Impressum"},"content":{"rendered":"<p style=\"text-align: left;\"><strong>M\u00e4nnergesangverein Lindern<br \/>\n<\/strong><\/p>\n<p style=\"text-align: left;\">vertreten durch den Schriftf\u00fchrer:<br \/>\n<strong>Hans Hermeling<br \/>\nWerlter Str. 19<br \/>\n49699 Lindern i.O.<\/strong><\/p>\n<p style=\"text-align: left;\"><a href=\"https:\/\/www.mgv-lindern.de\" target=\"_self\">www.mgv-lindern.de<\/a><\/p>\n<p style=\"text-align: justify;\">Erstellt wurde das Grundger\u00fcst dieses Internetauftrittes mit Hilfe durch Frank Hermelin<a href=\"https:\/\/www.mgv-lindern.de\/wp-content\/uploads\/2026\/02\/HermelingIT_Logo-.jpg\"><img loading=\"lazy\" decoding=\"async\" class=\"size-medium wp-image-1261 alignright\" src=\"https:\/\/www.mgv-lindern.de\/wp-content\/uploads\/2026\/02\/HermelingIT_Logo--300x105.jpg\" alt=\"\" width=\"300\" height=\"105\" srcset=\"https:\/\/www.mgv-lindern.de\/wp-content\/uploads\/2026\/02\/HermelingIT_Logo--300x105.jpg 300w, https:\/\/www.mgv-lindern.de\/wp-content\/uploads\/2026\/02\/HermelingIT_Logo--500x175.jpg 500w, https:\/\/www.mgv-lindern.de\/wp-content\/uploads\/2026\/02\/HermelingIT_Logo-.jpg 569w\" sizes=\"auto, (max-width: 300px) 100vw, 300px\" \/><\/a>g im August 2009. Die weitere Bearbeitung erfolgt ausschlie\u00dflich durch den M\u00e4nnergesangverein Lindern. Die Basis f\u00fcr diese Seite bildet das Open-Source Blog-System \u201cWordpress\u201d.<\/p>\n<p><span style=\"text-decoration: underline;\">Wichtiger Hinweis:<\/span><br \/>\n&#8222;<em>Alle Informationen wurden vor der Ver\u00f6ffentlichung sorgf\u00e4ltig gepr\u00fcft. Trotzdem k\u00f6nnen mir Fehler unterlaufen sein.&#8220;<\/em><\/p>\n<p style=\"text-align: justify;\">Das Landgericht Hamburg hat mit Urteil vom 12.05.1998 entschieden, dass man durch die Anbringung eines Links die Inhalte der gelinkten Seite ggf. mit zu verantworten hat. Dies kann \u2013 so das Landgericht \u2013 nur dadurch verhindert werden, dass man sich ausdr\u00fccklich von diesen Inhalten distanziert. Die Homepage bietet Links zu anderen Seiten im Internet an. F\u00fcr alle diese Links gilt:<\/p>\n<p style=\"text-align: justify;\"><em>&#8222;Ich erkl\u00e4re ausdr\u00fccklich, dass ich keinerlei Einfluss auf die formale und die inhaltliche Gestaltung der gelinkten Seiten haben. Deshalb distanziere ich mich hiermit ausdr\u00fccklich von allen Inhalten aller gelinkten Seiten auf dieser gesamten Homepage inklusive aller Unterseiten. Diese Erkl\u00e4rung gilt f\u00fcr alle auf dieser Homepage angebrachten Links und f\u00fcr alle Inhalte der Seiten, zu denen Links f\u00fchren.&#8220;<\/em><\/p>\n<p>\u00a9 M\u00e4nnergesangverein Lindern<\/p>\n","protected":false},"excerpt":{"rendered":"<p>M\u00e4nnergesangverein Lindern vertreten durch den Schriftf\u00fchrer: Hans Hermeling Werlter Str. 19 49699 Lindern i.O. www.mgv-lindern.de Erstellt wurde das Grundger\u00fcst dieses Internetauftrittes mit Hilfe durch Frank Hermeling im August 2009. Die weitere Bearbeitung erfolgt ausschlie\u00dflich durch den M\u00e4nnergesangverein Lindern. Die Basis &hellip; <a href=\"https:\/\/www.mgv-lindern.de\/?page_id=5\">Weiterlesen <span class=\"meta-nav\">&rarr;<\/span><\/a><\/p>\n","protected":false},"author":2,"featured_media":0,"parent":0,"menu_order":0,"comment_status":"closed","ping_status":"closed","template":"","meta":{"footnotes":""},"class_list":["post-5","page","type-page","status-publish","hentry"],"_links":{"self":[{"href":"https:\/\/www.mgv-lindern.de\/index.php?rest_route=\/wp\/v2\/pages\/5","targetHints":{"allow":["GET"]}}],"collection":[{"href":"https:\/\/www.mgv-lindern.de\/index.php?rest_route=\/wp\/v2\/pages"}],"about":[{"href":"https:\/\/www.mgv-lindern.de\/index.php?rest_route=\/wp\/v2\/types\/page"}],"author":[{"embeddable":true,"href":"https:\/\/www.mgv-lindern.de\/index.php?rest_route=\/wp\/v2\/users\/2"}],"replies":[{"embeddable":true,"href":"https:\/\/www.mgv-lindern.de\/index.php?rest_route=%2Fwp%2Fv2%2Fcomments&post=5"}],"version-history":[{"count":18,"href":"https:\/\/www.mgv-lindern.de\/index.php?rest_route=\/wp\/v2\/pages\/5\/revisions"}],"predecessor-version":[{"id":1262,"href":"https:\/\/www.mgv-lindern.de\/index.php?rest_route=\/wp\/v2\/pages\/5\/revisions\/1262"}],"wp:attachment":[{"href":"https:\/\/www.mgv-lindern.de\/index.php?rest_route=%2Fwp%2Fv2%2Fmedia&parent=5"}],"curies":[{"name":"wp","href":"https:\/\/api.w.org\/{rel}","templated":true}]}}