{"id":65,"date":"2009-09-15T17:10:16","date_gmt":"2009-09-15T15:10:16","guid":{"rendered":"http:\/\/www.mgv-lindern.de\/?page_id=65"},"modified":"2026-02-09T16:58:37","modified_gmt":"2026-02-09T14:58:37","slug":"unsere-mitglieder-in-ihren-stimmen","status":"publish","type":"page","link":"https:\/\/www.mgv-lindern.de\/?page_id=65","title":{"rendered":"Unsere Mitglieder in ihren Stimmen"},"content":{"rendered":"<p><a href=\"https:\/\/www.mgv-lindern.de\/wp-content\/uploads\/BACKUPNGG\/img_4053\/IMG_4017.JPG\"><img loading=\"lazy\" decoding=\"async\" class=\"alignnone size-medium wp-image-1417\" src=\"https:\/\/www.mgv-lindern.de\/wp-content\/uploads\/BACKUPNGG\/img_4053\/IMG_4017-300x200.jpg\" alt=\"\" width=\"300\" height=\"200\" srcset=\"https:\/\/www.mgv-lindern.de\/wp-content\/uploads\/BACKUPNGG\/img_4053\/IMG_4017-300x200.jpg 300w, https:\/\/www.mgv-lindern.de\/wp-content\/uploads\/BACKUPNGG\/img_4053\/IMG_4017-768x512.jpg 768w, https:\/\/www.mgv-lindern.de\/wp-content\/uploads\/BACKUPNGG\/img_4053\/IMG_4017-450x300.jpg 450w, https:\/\/www.mgv-lindern.de\/wp-content\/uploads\/BACKUPNGG\/img_4053\/IMG_4017.JPG 800w\" sizes=\"auto, (max-width: 300px) 100vw, 300px\" \/><\/a> <a href=\"https:\/\/www.mgv-lindern.de\/wp-content\/uploads\/BACKUPNGG\/img_4053\/IMG_4011.JPG\"><img loading=\"lazy\" decoding=\"async\" class=\"alignnone size-medium wp-image-1416\" src=\"https:\/\/www.mgv-lindern.de\/wp-content\/uploads\/BACKUPNGG\/img_4053\/IMG_4011-300x200.jpg\" alt=\"\" width=\"300\" height=\"200\" srcset=\"https:\/\/www.mgv-lindern.de\/wp-content\/uploads\/BACKUPNGG\/img_4053\/IMG_4011-300x200.jpg 300w, https:\/\/www.mgv-lindern.de\/wp-content\/uploads\/BACKUPNGG\/img_4053\/IMG_4011-768x512.jpg 768w, https:\/\/www.mgv-lindern.de\/wp-content\/uploads\/BACKUPNGG\/img_4053\/IMG_4011-450x300.jpg 450w, https:\/\/www.mgv-lindern.de\/wp-content\/uploads\/BACKUPNGG\/img_4053\/IMG_4011.JPG 800w\" sizes=\"auto, (max-width: 300px) 100vw, 300px\" \/><\/a> <a href=\"https:\/\/www.mgv-lindern.de\/wp-content\/uploads\/BACKUPNGG\/img_4053\/IMG_4010.JPG\"><img loading=\"lazy\" decoding=\"async\" class=\"alignnone size-medium wp-image-1415\" src=\"https:\/\/www.mgv-lindern.de\/wp-content\/uploads\/BACKUPNGG\/img_4053\/IMG_4010-300x200.jpg\" alt=\"\" width=\"300\" height=\"200\" srcset=\"https:\/\/www.mgv-lindern.de\/wp-content\/uploads\/BACKUPNGG\/img_4053\/IMG_4010-300x200.jpg 300w, https:\/\/www.mgv-lindern.de\/wp-content\/uploads\/BACKUPNGG\/img_4053\/IMG_4010-768x512.jpg 768w, https:\/\/www.mgv-lindern.de\/wp-content\/uploads\/BACKUPNGG\/img_4053\/IMG_4010-450x300.jpg 450w, https:\/\/www.mgv-lindern.de\/wp-content\/uploads\/BACKUPNGG\/img_4053\/IMG_4010.JPG 800w\" sizes=\"auto, (max-width: 300px) 100vw, 300px\" \/><\/a> <a href=\"https:\/\/www.mgv-lindern.de\/wp-content\/uploads\/BACKUPNGG\/img_4053\/IMG_4006.JPG\"><img loading=\"lazy\" decoding=\"async\" class=\"alignnone size-medium wp-image-1414\" src=\"https:\/\/www.mgv-lindern.de\/wp-content\/uploads\/BACKUPNGG\/img_4053\/IMG_4006-300x200.jpg\" alt=\"\" width=\"300\" height=\"200\" srcset=\"https:\/\/www.mgv-lindern.de\/wp-content\/uploads\/BACKUPNGG\/img_4053\/IMG_4006-300x200.jpg 300w, https:\/\/www.mgv-lindern.de\/wp-content\/uploads\/BACKUPNGG\/img_4053\/IMG_4006-768x512.jpg 768w, https:\/\/www.mgv-lindern.de\/wp-content\/uploads\/BACKUPNGG\/img_4053\/IMG_4006-450x300.jpg 450w, https:\/\/www.mgv-lindern.de\/wp-content\/uploads\/BACKUPNGG\/img_4053\/IMG_4006.JPG 800w\" sizes=\"auto, (max-width: 300px) 100vw, 300px\" \/><\/a><br \/>\n<strong>1. Tenor<br \/>\nvon li. nach re.: Paul Meyer, Alwin Schrandt, Eberhard Cloer,<br \/>\nHeinrich M\u00e4hlmann, Marren, Ulrich Korfhage, Heinrich M\u00e4hlmann, Garen,<br \/>\nFredi M\u00f6slein, Hans Schmit, Heinz Thole, Heinz Franke<\/strong><\/p>\n<p><strong><br \/>\n<strong>2. Tenor<\/strong><br \/>\nvon li. nach re.:<br \/>\nFranz Tellmann, Hans Hermeling, Anton Dr\u00f6ge, Hermann M\u00e4hlmann,<br \/>\nHeinrich Otten, Willi Kock, Bernd Thoben, Heinrich L\u00fcbbers<\/strong><\/p>\n<p><strong><br \/>\n<strong>1. Bass<\/strong><br \/>\nvon li. nach re.:<br \/>\nBernd Feldhaus, Helmut Wulfers, Georg Abeln, Bernd Behnen,<br \/>\nGerd Brundiers, Willi Moorkamp, Bernd Schute, Martin G\u00f6ddeker,<br \/>\nHartwig Meyer, Josef L\u00fcbke<\/strong><\/p>\n<p><strong><br \/>\n<strong>2. Bass<\/strong><br \/>\nvon li. nach re.:<br \/>\nErnst Hamberg, Heinrich Abeln, Gerd Berssenbr\u00fcgge, Hans Essing,<br \/>\nPaul Verf\u00fchrt, Ferdi Schwarz<\/strong><\/p>\n","protected":false},"excerpt":{"rendered":"<p>1. Tenor von li. nach re.: Paul Meyer, Alwin Schrandt, Eberhard Cloer, Heinrich M\u00e4hlmann, Marren, Ulrich Korfhage, Heinrich M\u00e4hlmann, Garen, Fredi M\u00f6slein, Hans Schmit, Heinz Thole, Heinz Franke 2. Tenor von li. nach re.: Franz Tellmann, Hans Hermeling, Anton Dr\u00f6ge, &hellip; <a href=\"https:\/\/www.mgv-lindern.de\/?page_id=65\">Weiterlesen <span class=\"meta-nav\">&rarr;<\/span><\/a><\/p>\n","protected":false},"author":2,"featured_media":0,"parent":17,"menu_order":0,"comment_status":"closed","ping_status":"closed","template":"","meta":{"footnotes":""},"class_list":["post-65","page","type-page","status-publish","hentry"],"_links":{"self":[{"href":"https:\/\/www.mgv-lindern.de\/index.php?rest_route=\/wp\/v2\/pages\/65","targetHints":{"allow":["GET"]}}],"collection":[{"href":"https:\/\/www.mgv-lindern.de\/index.php?rest_route=\/wp\/v2\/pages"}],"about":[{"href":"https:\/\/www.mgv-lindern.de\/index.php?rest_route=\/wp\/v2\/types\/page"}],"author":[{"embeddable":true,"href":"https:\/\/www.mgv-lindern.de\/index.php?rest_route=\/wp\/v2\/users\/2"}],"replies":[{"embeddable":true,"href":"https:\/\/www.mgv-lindern.de\/index.php?rest_route=%2Fwp%2Fv2%2Fcomments&post=65"}],"version-history":[{"count":14,"href":"https:\/\/www.mgv-lindern.de\/index.php?rest_route=\/wp\/v2\/pages\/65\/revisions"}],"predecessor-version":[{"id":1541,"href":"https:\/\/www.mgv-lindern.de\/index.php?rest_route=\/wp\/v2\/pages\/65\/revisions\/1541"}],"up":[{"embeddable":true,"href":"https:\/\/www.mgv-lindern.de\/index.php?rest_route=\/wp\/v2\/pages\/17"}],"wp:attachment":[{"href":"https:\/\/www.mgv-lindern.de\/index.php?rest_route=%2Fwp%2Fv2%2Fmedia&parent=65"}],"curies":[{"name":"wp","href":"https:\/\/api.w.org\/{rel}","templated":true}]}}