{"id":71,"date":"2009-09-15T11:51:27","date_gmt":"2009-09-15T09:51:27","guid":{"rendered":"http:\/\/www.mgv-lindern.de\/?page_id=71"},"modified":"2026-02-09T17:00:39","modified_gmt":"2026-02-09T15:00:39","slug":"vereinshistorie","status":"publish","type":"page","link":"https:\/\/www.mgv-lindern.de\/?page_id=71","title":{"rendered":"Vereinshistorie"},"content":{"rendered":"<p>Wie bereits in <strong>\u00dcber uns<\/strong> erw\u00e4hnt, feiert der MGV Lindern im Jahre 2010 sein 125j\u00e4hriges Bestehen.<br \/>\nZum siebten Mal ist er Ausrichter des Bundess\u00e4ngerfestes des S\u00e4ngerbundes &#8222;Heimattreu&#8220;.<br \/>\nVorherige S\u00e4ngerfeste fanden statt:<br \/>\n1924, 1935, 1955, 1965, 1976, 1985<\/p>\n<p><a href=\"https:\/\/www.mgv-lindern.de\/wp-content\/uploads\/BACKUPNGG\/alte-chronik\/foto-vom-mgv-1935_bild.jpg\"><img loading=\"lazy\" decoding=\"async\" class=\"size-medium wp-image-1382 aligncenter\" src=\"https:\/\/www.mgv-lindern.de\/wp-content\/uploads\/BACKUPNGG\/alte-chronik\/foto-vom-mgv-1935_bild-300x168.jpg\" alt=\"\" width=\"300\" height=\"168\" srcset=\"https:\/\/www.mgv-lindern.de\/wp-content\/uploads\/BACKUPNGG\/alte-chronik\/foto-vom-mgv-1935_bild-300x168.jpg 300w, https:\/\/www.mgv-lindern.de\/wp-content\/uploads\/BACKUPNGG\/alte-chronik\/foto-vom-mgv-1935_bild-1024x572.jpg 1024w, https:\/\/www.mgv-lindern.de\/wp-content\/uploads\/BACKUPNGG\/alte-chronik\/foto-vom-mgv-1935_bild-768x429.jpg 768w, https:\/\/www.mgv-lindern.de\/wp-content\/uploads\/BACKUPNGG\/alte-chronik\/foto-vom-mgv-1935_bild-1536x858.jpg 1536w, https:\/\/www.mgv-lindern.de\/wp-content\/uploads\/BACKUPNGG\/alte-chronik\/foto-vom-mgv-1935_bild-500x279.jpg 500w, https:\/\/www.mgv-lindern.de\/wp-content\/uploads\/BACKUPNGG\/alte-chronik\/foto-vom-mgv-1935_bild.jpg 1923w\" sizes=\"auto, (max-width: 300px) 100vw, 300px\" \/><\/a><\/p>\n<p>Aufnahme aus dem Jahre 1935<br \/>\n<strong>Obere Reihe von links<\/strong>:A. Tiemann, H. Bunten, H. Schute, E.Saalfeld, J.L\u00fcckmann, B. Moorkamp,<br \/>\n<strong>2. Reihe von links<\/strong>: F. Ehrenborg, J. H\u00fclsmann, J. Nietfeld, J. Sch\u00fcrmann, Th. Moormann, H. Kollmer, H. Eilers, W. Kr\u00f6ger, H. Rode, W. Einhaus, G. Schrandt, H. Einhaus, W. Schute,<br \/>\n<strong>Untere Reihe von links<\/strong>: A. Dr\u00f6ge, J. Vogel, H. Franke, H. Schewe, J. Janzen, A. Kreyenborg, H. Schute, H. Kock, H. Eilers, G. Thyen<\/p>\n<p><a href=\"https:\/\/www.mgv-lindern.de\/wp-content\/uploads\/BACKUPNGG\/alte-chronik\/mgv-lindern-1955_bild.jpg\"><img loading=\"lazy\" decoding=\"async\" class=\"size-medium wp-image-1384 aligncenter\" src=\"https:\/\/www.mgv-lindern.de\/wp-content\/uploads\/BACKUPNGG\/alte-chronik\/mgv-lindern-1955_bild-300x199.jpg\" alt=\"\" width=\"300\" height=\"199\" srcset=\"https:\/\/www.mgv-lindern.de\/wp-content\/uploads\/BACKUPNGG\/alte-chronik\/mgv-lindern-1955_bild-300x199.jpg 300w, https:\/\/www.mgv-lindern.de\/wp-content\/uploads\/BACKUPNGG\/alte-chronik\/mgv-lindern-1955_bild-1024x678.jpg 1024w, https:\/\/www.mgv-lindern.de\/wp-content\/uploads\/BACKUPNGG\/alte-chronik\/mgv-lindern-1955_bild-768x508.jpg 768w, https:\/\/www.mgv-lindern.de\/wp-content\/uploads\/BACKUPNGG\/alte-chronik\/mgv-lindern-1955_bild-1536x1017.jpg 1536w, https:\/\/www.mgv-lindern.de\/wp-content\/uploads\/BACKUPNGG\/alte-chronik\/mgv-lindern-1955_bild-453x300.jpg 453w, https:\/\/www.mgv-lindern.de\/wp-content\/uploads\/BACKUPNGG\/alte-chronik\/mgv-lindern-1955_bild.jpg 1860w\" sizes=\"auto, (max-width: 300px) 100vw, 300px\" \/><\/a><br \/>\nAufnahme aus dem Jahre 1955<br \/>\n<strong>Obere Reihe v. links nach rechts<\/strong>: H.Grote, A. Kollmer, B.Janzen, B.Pr\u00fcllage, H. Kamlage, G.Schute, H. Taphorn, B.Moormann, B. Moorkamp, J. Uchtmann, H. Bunten, H. Einhaus<br \/>\n<strong>Mittlere Reihe v. links nach rechts<\/strong>: Fr.Th\u00f6le, F. Schute, B. v.Gr\u00f6nheim, H. Janzen, A. Meyer, G.Bunten, Cl. Wernken, G. Schrandt, G. Witten, H. Dr\u00f6ge, H. Varnhorst, Fr. Ehrenborg, J. Sch\u00fcrmaqnn,<br \/>\n<strong>Untere Reihe von links nach rechts<\/strong>: Th. Moormann, H. Alberding,<br \/>\nW. Kr\u00f6ger, Fr. Tellmann, G. Thyen, E. Saalfeld, J. Janzen, H. Eilers,<br \/>\nH. Eilers, J. L\u00fcckmann<\/p>\n<p><a href=\"https:\/\/www.mgv-lindern.de\/wp-content\/uploads\/BACKUPNGG\/alte-chronik\/foto-von-mitgliedern-mgv-1965_bild.jpg\"><img loading=\"lazy\" decoding=\"async\" class=\"size-medium wp-image-1383 aligncenter\" src=\"https:\/\/www.mgv-lindern.de\/wp-content\/uploads\/BACKUPNGG\/alte-chronik\/foto-von-mitgliedern-mgv-1965_bild-300x196.jpg\" alt=\"\" width=\"300\" height=\"196\" srcset=\"https:\/\/www.mgv-lindern.de\/wp-content\/uploads\/BACKUPNGG\/alte-chronik\/foto-von-mitgliedern-mgv-1965_bild-300x196.jpg 300w, https:\/\/www.mgv-lindern.de\/wp-content\/uploads\/BACKUPNGG\/alte-chronik\/foto-von-mitgliedern-mgv-1965_bild-1024x669.jpg 1024w, https:\/\/www.mgv-lindern.de\/wp-content\/uploads\/BACKUPNGG\/alte-chronik\/foto-von-mitgliedern-mgv-1965_bild-768x502.jpg 768w, https:\/\/www.mgv-lindern.de\/wp-content\/uploads\/BACKUPNGG\/alte-chronik\/foto-von-mitgliedern-mgv-1965_bild-1536x1003.jpg 1536w, https:\/\/www.mgv-lindern.de\/wp-content\/uploads\/BACKUPNGG\/alte-chronik\/foto-von-mitgliedern-mgv-1965_bild-459x300.jpg 459w, https:\/\/www.mgv-lindern.de\/wp-content\/uploads\/BACKUPNGG\/alte-chronik\/foto-von-mitgliedern-mgv-1965_bild.jpg 2003w\" sizes=\"auto, (max-width: 300px) 100vw, 300px\" \/><\/a><br \/>\nAufnahme aus dem Jahre 1965<br \/>\n<strong>Obere Reihe v. l. n. r.<\/strong>: B. Remmers, G. Schute, Fr. Triphaus, B. Henke, G. Brundiers, J. M\u00e4hlmann,<br \/>\n<strong>Mittlere Reihe<\/strong>: B. Frilling, Fr. B\u00f6ckmann, G. Bunten, W. H\u00f6mmen,<br \/>\nFr. Kr\u00f6ger, H. M\u00e4hlmann, H. Remmers, H. Janzen, P. Meyer, H. Goldkamp, B. Thyen, B. Moormann, I. Plate, H. Burke, H. Schmit,<br \/>\nH. Jansen, A. Schrandt, H. Dr\u00f6ge, Cl. Wernke<br \/>\n<strong>Untere Reihe<\/strong>: H. Taphorn, Fr. Tellmann, H. Einhaus, J. Uchtmann,<br \/>\nW. Kr\u00f6ger, H. Alberding, Fr. Schute, B. Janzen, W. Moorkamp,<br \/>\nG. Schrandt, Fr. Ehrenborg<\/p>\n<p><a href=\"https:\/\/www.mgv-lindern.de\/wp-content\/uploads\/BACKUPNGG\/alte-chronik\/mgv-lindern-im-jahre-1976_bild.jpg\"><img loading=\"lazy\" decoding=\"async\" class=\"size-medium wp-image-1385 aligncenter\" src=\"https:\/\/www.mgv-lindern.de\/wp-content\/uploads\/BACKUPNGG\/alte-chronik\/mgv-lindern-im-jahre-1976_bild-300x168.jpg\" alt=\"\" width=\"300\" height=\"168\" srcset=\"https:\/\/www.mgv-lindern.de\/wp-content\/uploads\/BACKUPNGG\/alte-chronik\/mgv-lindern-im-jahre-1976_bild-300x168.jpg 300w, https:\/\/www.mgv-lindern.de\/wp-content\/uploads\/BACKUPNGG\/alte-chronik\/mgv-lindern-im-jahre-1976_bild-1024x572.jpg 1024w, https:\/\/www.mgv-lindern.de\/wp-content\/uploads\/BACKUPNGG\/alte-chronik\/mgv-lindern-im-jahre-1976_bild-768x429.jpg 768w, https:\/\/www.mgv-lindern.de\/wp-content\/uploads\/BACKUPNGG\/alte-chronik\/mgv-lindern-im-jahre-1976_bild-1536x858.jpg 1536w, https:\/\/www.mgv-lindern.de\/wp-content\/uploads\/BACKUPNGG\/alte-chronik\/mgv-lindern-im-jahre-1976_bild-500x279.jpg 500w, https:\/\/www.mgv-lindern.de\/wp-content\/uploads\/BACKUPNGG\/alte-chronik\/mgv-lindern-im-jahre-1976_bild.jpg 1923w\" sizes=\"auto, (max-width: 300px) 100vw, 300px\" \/><\/a><br \/>\nAufnahme aus dem Jahre 1976<br \/>\n<strong>Obere Reihe v.li.n. re<\/strong>.: H. Rump, G. Berssenbr\u00fcgge, A. H\u00f6mmen,<br \/>\nG. Brundiers, H. Jansen, P. Meyer, B. Henke, G. Meyer, B. Moormann,<br \/>\nG. Benken, F. M\u00f6slein, H. Schmit<br \/>\n<strong>Mittlere Reihe<\/strong>: B. Janzen, H. Remmers, G. Sch\u00fctte, H. Otten,<br \/>\nH. Goldkamp, I. Plate, H. M\u00e4hlmann, A. Siefer, H. Hermeling,<br \/>\nH. M\u00e4hlmann, H. Krabbe, L. Alberding, A. Schrandt, E. Cloer,<br \/>\nB. Behnen, H. Franke, W. Moorkamp<br \/>\n<strong>Unter Reihe<\/strong>: J. Uchtmann, E. Hamberg, B. Schute, F. Schute,<br \/>\nW. Remmers, B. Thyen, Th. Moormann, H. Dr\u00f6ge, Fr. Tellmann, G.Schute, H. Abeln<\/p>\n<p><a href=\"https:\/\/www.mgv-lindern.de\/wp-content\/uploads\/BACKUPNGG\/alte-chronik\/bildvommannergesangverein1985.jpg\"><img loading=\"lazy\" decoding=\"async\" class=\"size-medium wp-image-1381 aligncenter\" src=\"https:\/\/www.mgv-lindern.de\/wp-content\/uploads\/BACKUPNGG\/alte-chronik\/bildvommannergesangverein1985-300x223.jpg\" alt=\"\" width=\"300\" height=\"223\" srcset=\"https:\/\/www.mgv-lindern.de\/wp-content\/uploads\/BACKUPNGG\/alte-chronik\/bildvommannergesangverein1985-300x223.jpg 300w, https:\/\/www.mgv-lindern.de\/wp-content\/uploads\/BACKUPNGG\/alte-chronik\/bildvommannergesangverein1985-768x571.jpg 768w, https:\/\/www.mgv-lindern.de\/wp-content\/uploads\/BACKUPNGG\/alte-chronik\/bildvommannergesangverein1985-403x300.jpg 403w, https:\/\/www.mgv-lindern.de\/wp-content\/uploads\/BACKUPNGG\/alte-chronik\/bildvommannergesangverein1985.jpg 800w\" sizes=\"auto, (max-width: 300px) 100vw, 300px\" \/><\/a><br \/>\nAufnahme aus dem Jahre 1985<br \/>\n<strong>Obere Reihe v.li.nach re<\/strong>.: A. H\u00f6mmen, B. Schute, W. Kock, H. Wulfers,<br \/>\nG. v.Gr\u00f6nheim, H. Thoben,<br \/>\n<strong>2.Reihe v. oben<\/strong>: E. Hamberg, F. Tellmann, A. Siefer, B. Feldhaus,<br \/>\nG. Brundiers, F. M\u00f6slein, H. Jansen, H. Schmit, E. Cloer, A. Schrandt,<br \/>\nP. Meyer,<br \/>\n<strong>3. Reihe v. oben<\/strong>: L. Hermeling, Cl. Benken, H. Essing, G. Berssenbr\u00fcgge,<br \/>\nH. Hermeling, G. Sch\u00fctte, B. Moormann, H. Otten, H. Franke, H.L\u00fcbbers,<br \/>\nW. Moorkamp, I. Plate, B. Behnen,<br \/>\n<strong>sitzend v. li.n.re<\/strong>. : G. Benken, B. Janzen, H. Abeln, F. Schute,<br \/>\nW. Remmers, L. Alberding, J. Uchtmann, G. Schute, H. Remmers,<br \/>\nH. M\u00e4hlmann<\/p>\n<p><strong>Als Liederv\u00e4ter fungierten seit der Gr\u00fcndung des Vereins 1885:<\/strong><\/p>\n<p>Karl M\u00f6hlenkamp Lindern: kurz nach 1900<br \/>\nes folgten:<br \/>\nSchmiedemeister Clemens Benken, Lindern<br \/>\nBauer Heinrich Schute, Kleinenging<br \/>\nBauer Johann Janzen, Auen<br \/>\nAmtsbote Heinrich Franke, Lindern<br \/>\nLandwirt Gerhard Thyen, Liener<br \/>\nMechanikermeister Franz Tellmann, Lindern<br \/>\nLandwirt Bernhard Janzen, Garen<br \/>\nLandwirt Johannes\u00a0 Uchtmann, St\u00fchlenfeld<br \/>\nKaufmann Walter Remmers, St\u00fchlenfeld<br \/>\naktuell: Landwirt Willi Moorkamp, Lindern<\/p>\n","protected":false},"excerpt":{"rendered":"<p>Wie bereits in \u00dcber uns erw\u00e4hnt, feiert der MGV Lindern im Jahre 2010 sein 125j\u00e4hriges Bestehen. Zum siebten Mal ist er Ausrichter des Bundess\u00e4ngerfestes des S\u00e4ngerbundes &#8222;Heimattreu&#8220;. Vorherige S\u00e4ngerfeste fanden statt: 1924, 1935, 1955, 1965, 1976, 1985 Aufnahme aus dem &hellip; <a href=\"https:\/\/www.mgv-lindern.de\/?page_id=71\">Weiterlesen <span class=\"meta-nav\">&rarr;<\/span><\/a><\/p>\n","protected":false},"author":2,"featured_media":0,"parent":17,"menu_order":0,"comment_status":"closed","ping_status":"closed","template":"","meta":{"footnotes":""},"class_list":["post-71","page","type-page","status-publish","hentry"],"_links":{"self":[{"href":"https:\/\/www.mgv-lindern.de\/index.php?rest_route=\/wp\/v2\/pages\/71","targetHints":{"allow":["GET"]}}],"collection":[{"href":"https:\/\/www.mgv-lindern.de\/index.php?rest_route=\/wp\/v2\/pages"}],"about":[{"href":"https:\/\/www.mgv-lindern.de\/index.php?rest_route=\/wp\/v2\/types\/page"}],"author":[{"embeddable":true,"href":"https:\/\/www.mgv-lindern.de\/index.php?rest_route=\/wp\/v2\/users\/2"}],"replies":[{"embeddable":true,"href":"https:\/\/www.mgv-lindern.de\/index.php?rest_route=%2Fwp%2Fv2%2Fcomments&post=71"}],"version-history":[{"count":41,"href":"https:\/\/www.mgv-lindern.de\/index.php?rest_route=\/wp\/v2\/pages\/71\/revisions"}],"predecessor-version":[{"id":1542,"href":"https:\/\/www.mgv-lindern.de\/index.php?rest_route=\/wp\/v2\/pages\/71\/revisions\/1542"}],"up":[{"embeddable":true,"href":"https:\/\/www.mgv-lindern.de\/index.php?rest_route=\/wp\/v2\/pages\/17"}],"wp:attachment":[{"href":"https:\/\/www.mgv-lindern.de\/index.php?rest_route=%2Fwp%2Fv2%2Fmedia&parent=71"}],"curies":[{"name":"wp","href":"https:\/\/api.w.org\/{rel}","templated":true}]}}